{"id":1013,"date":"2023-08-07T02:40:22","date_gmt":"2023-08-07T02:40:22","guid":{"rendered":"http:\/\/hal.arq.br\/intro\/?page_id=1013"},"modified":"2023-08-07T03:17:24","modified_gmt":"2023-08-07T03:17:24","slug":"oruga","status":"publish","type":"page","link":"https:\/\/hal.arq.br\/intro\/oruga\/","title":{"rendered":"Oruga"},"content":{"rendered":"<div id=\"dslc-content\" class=\"dslc-content dslc-clearfix\"><div id=\"dslc-main\">\r\n\t\t\t<div  class=\"dslc-modules-section \" style=\"padding-top:0px;padding-bottom:0px;\" data-section-id=\"928bb0dc576\">\r\n\t\t\t\t\r\n\t\t\t\t\r\n\t\t\t\t<div class=\"dslc-modules-section-wrapper dslc-clearfix\"><div  class=\"dslc-modules-area dslc-col dslc-12-col dslc-last-col dslc-valign-bottom \" data-size=\"12\" data-valign=\"bottom\" data-modules-area-id=\"\" ><style type=\"text\/css\" id=\"dslca-modules-area-\"><\/style>\r\n\t\t<div id=\"dslc-module-e24bc19b973\" class=\"dslc-module-front dslc-module-DSLC_Text_Simple dslc-in-viewport-check dslc-in-viewport-anim-none  dslc-col dslc-12-col dslc-last-col  dslc-module-handle-like-regular \" data-module-id=\"e24bc19b973\" data-module=\"DSLC_Text_Simple\" data-dslc-module-size=\"12\" data-dslc-anim=\"none\" data-dslc-anim-delay=\"\" data-dslc-anim-duration=\"650\"  data-dslc-anim-easing=\"ease\" data-dslc-preset=\"none\" >\r\n\r\n\t\t\t\r\n\t\t\t\r\n\t\t\n\t\t<div class=\"dslc-text-module-content\">\n\t\t\t<p>Oruga foi criada em 2017 com o objetivo de desenvolver mobili\u00e1rio resistente e de custo acess\u00edvel. Suas pe\u00e7as s\u00e3o modulares e totalmente desmont\u00e1veis. O material predominante \u00e9 o a\u00e7o com pintura eletrost\u00e1tica.<\/p>\t\t<\/div>\n\n\t\t\r\n\t\t\t\t<\/div><!-- .dslc-module -->\r\n\t\t\r\n\t\t<div id=\"dslc-module-6a0a56dd424\" class=\"dslc-module-front dslc-module-DSLC_Image dslc-in-viewport-check dslc-in-viewport-anim-none  dslc-col dslc-12-col dslc-last-col  dslc-module-handle-like-regular \" data-module-id=\"6a0a56dd424\" data-module=\"DSLC_Image\" data-dslc-module-size=\"12\" data-dslc-anim=\"none\" data-dslc-anim-delay=\"\" data-dslc-anim-duration=\"650\"  data-dslc-anim-easing=\"ease\" data-dslc-preset=\"none\" >\r\n\r\n\t\t\t\r\n\t\t\t\r\n\t\t\t\t<div class=\"dslc-image-container\">\r\n\t\t<div class=\"dslc-image\">\r\n\r\n\t\t\t\r\n\t\t\t\t\r\n\t\t\t\t\t\t\t\t\t<img src=\"https:\/\/hal.arq.br\/intro\/wp-content\/uploads\/2023\/08\/oruga_OPCAO_03-scaled.jpg\" alt=\"\" title=\"\" srcset=\"https:\/\/hal.arq.br\/intro\/wp-content\/uploads\/2023\/08\/oruga_OPCAO_03-scaled.jpg 2560w, https:\/\/hal.arq.br\/intro\/wp-content\/uploads\/2023\/08\/oruga_OPCAO_03-300x188.jpg 300w, https:\/\/hal.arq.br\/intro\/wp-content\/uploads\/2023\/08\/oruga_OPCAO_03-1024x640.jpg 1024w, https:\/\/hal.arq.br\/intro\/wp-content\/uploads\/2023\/08\/oruga_OPCAO_03-768x480.jpg 768w, https:\/\/hal.arq.br\/intro\/wp-content\/uploads\/2023\/08\/oruga_OPCAO_03-1536x960.jpg 1536w, https:\/\/hal.arq.br\/intro\/wp-content\/uploads\/2023\/08\/oruga_OPCAO_03-2048x1280.jpg 2048w, https:\/\/hal.arq.br\/intro\/wp-content\/uploads\/2023\/08\/oruga_OPCAO_03-640x400.jpg 640w\" sizes=\"(max-width: 2560px) 100vw, 2560px\" \/>\r\n\t\t\t\t\r\n\t\t\t\t\t\t\t\t\t<\/div><!-- .dslc-image -->\r\n\t\t<\/div>\r\n\t\t\r\n\t\t\t\t<\/div><!-- .dslc-module -->\r\n\t\t<\/div><\/div><\/div>\r\n\t\t\t<div  class=\"dslc-modules-section \" style=\"padding-top:40px;padding-bottom:40px;\" data-section-id=\"928bb0dc576\">\r\n\t\t\t\t\r\n\t\t\t\t\r\n\t\t\t\t<div class=\"dslc-modules-section-wrapper dslc-clearfix\"><div  class=\"dslc-modules-area dslc-col dslc-12-col dslc-last-col dslc-valign- \" data-size=\"12\" data-valign=\"\" data-modules-area-id=\"\" ><style type=\"text\/css\" id=\"dslca-modules-area-\"><\/style>\r\n\t\t<div id=\"dslc-module-5d69b40551f\" class=\"dslc-module-front dslc-module-DSLC_Text_Simple dslc-in-viewport-check dslc-in-viewport-anim-none  dslc-col dslc-12-col dslc-last-col  dslc-module-handle-like-regular \" data-module-id=\"5d69b40551f\" data-module=\"DSLC_Text_Simple\" data-dslc-module-size=\"12\" data-dslc-anim=\"none\" data-dslc-anim-delay=\"\" data-dslc-anim-duration=\"650\"  data-dslc-anim-easing=\"ease\" data-dslc-preset=\"none\" >\r\n\r\n\t\t\t\r\n\t\t\t\r\n\t\t\n\t\t<div class=\"dslc-text-module-content\">\n\t\t\t<p>Casulo, 2017<\/p>\t\t<\/div>\n\n\t\t\r\n\t\t\t\t<\/div><!-- .dslc-module -->\r\n\t\t\r\n\t\t<div id=\"dslc-module-28f395e4732\" class=\"dslc-module-front dslc-module-DSLC_Image dslc-in-viewport-check dslc-in-viewport-anim-none  dslc-col dslc-12-col dslc-last-col  dslc-module-handle-like-regular \" data-module-id=\"28f395e4732\" data-module=\"DSLC_Image\" data-dslc-module-size=\"12\" data-dslc-anim=\"none\" data-dslc-anim-delay=\"\" data-dslc-anim-duration=\"650\"  data-dslc-anim-easing=\"ease\" data-dslc-preset=\"none\" >\r\n\r\n\t\t\t\r\n\t\t\t\r\n\t\t\t\t<div class=\"dslc-image-container\">\r\n\t\t<div class=\"dslc-image\">\r\n\r\n\t\t\t\r\n\t\t\t\t\r\n\t\t\t\t\t\t\t\t\t<img src=\"https:\/\/hal.arq.br\/intro\/wp-content\/uploads\/2023\/08\/AHDZ4865.jpg\" alt=\"\" title=\"\" srcset=\"https:\/\/hal.arq.br\/intro\/wp-content\/uploads\/2023\/08\/AHDZ4865.jpg 2000w, https:\/\/hal.arq.br\/intro\/wp-content\/uploads\/2023\/08\/AHDZ4865-300x210.jpg 300w, https:\/\/hal.arq.br\/intro\/wp-content\/uploads\/2023\/08\/AHDZ4865-1024x718.jpg 1024w, https:\/\/hal.arq.br\/intro\/wp-content\/uploads\/2023\/08\/AHDZ4865-768x539.jpg 768w, https:\/\/hal.arq.br\/intro\/wp-content\/uploads\/2023\/08\/AHDZ4865-1536x1078.jpg 1536w, https:\/\/hal.arq.br\/intro\/wp-content\/uploads\/2023\/08\/AHDZ4865-640x449.jpg 640w\" sizes=\"(max-width: 2000px) 100vw, 2000px\" \/>\r\n\t\t\t\t\r\n\t\t\t\t\t\t\t\t\t<\/div><!-- .dslc-image -->\r\n\t\t<\/div>\r\n\t\t\r\n\t\t\t\t<\/div><!-- .dslc-module -->\r\n\t\t<\/div><\/div><\/div>\r\n\t\t\t<div  class=\"dslc-modules-section \" style=\"padding-top:40px;padding-bottom:40px;\" data-section-id=\"928bb0dc576\">\r\n\t\t\t\t\r\n\t\t\t\t\r\n\t\t\t\t<div class=\"dslc-modules-section-wrapper dslc-clearfix\"><div  class=\"dslc-modules-area dslc-col dslc-12-col dslc-last-col dslc-valign- \" data-size=\"12\" data-valign=\"\" data-modules-area-id=\"\" ><style type=\"text\/css\" id=\"dslca-modules-area-\"><\/style>\r\n\t\t<div id=\"dslc-module-7fed860e210\" class=\"dslc-module-front dslc-module-DSLC_Text_Simple dslc-in-viewport-check dslc-in-viewport-anim-none  dslc-col dslc-12-col dslc-last-col  dslc-module-handle-like-regular \" data-module-id=\"7fed860e210\" data-module=\"DSLC_Text_Simple\" data-dslc-module-size=\"12\" data-dslc-anim=\"none\" data-dslc-anim-delay=\"\" data-dslc-anim-duration=\"650\"  data-dslc-anim-easing=\"ease\" data-dslc-preset=\"none\" >\r\n\r\n\t\t\t\r\n\t\t\t\r\n\t\t\n\t\t<div class=\"dslc-text-module-content\">\n\t\t\t<p>Estante Ana Rosa, 2018<\/p>\t\t<\/div>\n\n\t\t\r\n\t\t\t\t<\/div><!-- .dslc-module -->\r\n\t\t\r\n\t\t<div id=\"dslc-module-7c6d36452fb\" class=\"dslc-module-front dslc-module-DSLC_Image dslc-in-viewport-check dslc-in-viewport-anim-none  dslc-col dslc-12-col dslc-last-col  dslc-module-handle-like-regular \" data-module-id=\"7c6d36452fb\" data-module=\"DSLC_Image\" data-dslc-module-size=\"12\" data-dslc-anim=\"none\" data-dslc-anim-delay=\"\" data-dslc-anim-duration=\"650\"  data-dslc-anim-easing=\"ease\" data-dslc-preset=\"none\" >\r\n\r\n\t\t\t\r\n\t\t\t\r\n\t\t\t\t<div class=\"dslc-image-container\">\r\n\t\t<div class=\"dslc-image\">\r\n\r\n\t\t\t\r\n\t\t\t\t\r\n\t\t\t\t\t\t\t\t\t<a class=\"\" href=\"https:\/\/hal.arq.br\/intro\/project-view\/reforma-ana-rosa-2018\/\" target=\"_self\"  >\r\n\t\t\t\t\t\t\t\t\t<img src=\"https:\/\/hal.arq.br\/intro\/wp-content\/uploads\/2023\/08\/ORUGA_IMG_6503_4_5_3.jpg\" alt=\"\" title=\"\" srcset=\"https:\/\/hal.arq.br\/intro\/wp-content\/uploads\/2023\/08\/ORUGA_IMG_6503_4_5_3.jpg 1500w, https:\/\/hal.arq.br\/intro\/wp-content\/uploads\/2023\/08\/ORUGA_IMG_6503_4_5_3-300x199.jpg 300w, https:\/\/hal.arq.br\/intro\/wp-content\/uploads\/2023\/08\/ORUGA_IMG_6503_4_5_3-1024x678.jpg 1024w, https:\/\/hal.arq.br\/intro\/wp-content\/uploads\/2023\/08\/ORUGA_IMG_6503_4_5_3-768x508.jpg 768w, https:\/\/hal.arq.br\/intro\/wp-content\/uploads\/2023\/08\/ORUGA_IMG_6503_4_5_3-640x424.jpg 640w\" sizes=\"(max-width: 1500px) 100vw, 1500px\" \/>\r\n\t\t\t\t\t\t\t\t\t<\/a>\r\n\t\t\t\t\r\n\t\t\t\t\t\t\t\t\t<\/div><!-- .dslc-image -->\r\n\t\t<\/div>\r\n\t\t\r\n\t\t\t\t<\/div><!-- .dslc-module -->\r\n\t\t<\/div><\/div><\/div>\r\n\t\t\t<div  class=\"dslc-modules-section \" style=\"padding-top:40px;padding-bottom:40px;\" data-section-id=\"928bb0dc576\">\r\n\t\t\t\t\r\n\t\t\t\t\r\n\t\t\t\t<div class=\"dslc-modules-section-wrapper dslc-clearfix\"><div  class=\"dslc-modules-area dslc-col dslc-12-col dslc-last-col dslc-valign- \" data-size=\"12\" data-valign=\"\" data-modules-area-id=\"\" ><style type=\"text\/css\" id=\"dslca-modules-area-\"><\/style>\r\n\t\t<div id=\"dslc-module-f5059f9066f\" class=\"dslc-module-front dslc-module-DSLC_Text_Simple dslc-in-viewport-check dslc-in-viewport-anim-none  dslc-col dslc-12-col dslc-last-col  dslc-module-handle-like-regular \" data-module-id=\"f5059f9066f\" data-module=\"DSLC_Text_Simple\" data-dslc-module-size=\"12\" data-dslc-anim=\"none\" data-dslc-anim-delay=\"0\" data-dslc-anim-duration=\"650\"  data-dslc-anim-easing=\"ease\" data-dslc-preset=\"none\" >\r\n\r\n\t\t\t\r\n\t\t\t\r\n\t\t\n\t\t<div class=\"dslc-text-module-content\">\n\t\t\t<p>Sapateira Ana Rosa, 2018<\/p>\t\t<\/div>\n\n\t\t\r\n\t\t\t\t<\/div><!-- .dslc-module -->\r\n\t\t\r\n\t\t<div id=\"dslc-module-a7d4a01cb40\" class=\"dslc-module-front dslc-module-DSLC_Image dslc-in-viewport-check dslc-in-viewport-anim-none  dslc-col dslc-12-col dslc-last-col  dslc-module-handle-like-regular \" data-module-id=\"a7d4a01cb40\" data-module=\"DSLC_Image\" data-dslc-module-size=\"12\" data-dslc-anim=\"none\" data-dslc-anim-delay=\"\" data-dslc-anim-duration=\"650\"  data-dslc-anim-easing=\"ease\" data-dslc-preset=\"none\" >\r\n\r\n\t\t\t\r\n\t\t\t\r\n\t\t\t\t<div class=\"dslc-image-container\">\r\n\t\t<div class=\"dslc-image\">\r\n\r\n\t\t\t\r\n\t\t\t\t\r\n\t\t\t\t\t\t\t\t\t<a class=\"\" href=\"https:\/\/hal.arq.br\/intro\/project-view\/reforma-ana-rosa-2018\/\" target=\"_blank\"  >\r\n\t\t\t\t\t\t\t\t\t<img src=\"https:\/\/hal.arq.br\/intro\/wp-content\/uploads\/2023\/08\/ORUGA_IMG_6530_1_2.jpg\" alt=\"\" title=\"\" srcset=\"https:\/\/hal.arq.br\/intro\/wp-content\/uploads\/2023\/08\/ORUGA_IMG_6530_1_2.jpg 1500w, https:\/\/hal.arq.br\/intro\/wp-content\/uploads\/2023\/08\/ORUGA_IMG_6530_1_2-300x200.jpg 300w, https:\/\/hal.arq.br\/intro\/wp-content\/uploads\/2023\/08\/ORUGA_IMG_6530_1_2-1024x683.jpg 1024w, https:\/\/hal.arq.br\/intro\/wp-content\/uploads\/2023\/08\/ORUGA_IMG_6530_1_2-768x512.jpg 768w, https:\/\/hal.arq.br\/intro\/wp-content\/uploads\/2023\/08\/ORUGA_IMG_6530_1_2-640x427.jpg 640w\" sizes=\"(max-width: 1500px) 100vw, 1500px\" \/>\r\n\t\t\t\t\t\t\t\t\t<\/a>\r\n\t\t\t\t\r\n\t\t\t\t\t\t\t\t\t<\/div><!-- .dslc-image -->\r\n\t\t<\/div>\r\n\t\t\r\n\t\t\t\t<\/div><!-- .dslc-module -->\r\n\t\t<\/div><\/div><\/div>\r\n\t\t\t<div  class=\"dslc-modules-section \" style=\"padding-top:40px;padding-bottom:40px;\" data-section-id=\"928bb0dc576\">\r\n\t\t\t\t\r\n\t\t\t\t\r\n\t\t\t\t<div class=\"dslc-modules-section-wrapper dslc-clearfix\"><div  class=\"dslc-modules-area dslc-col dslc-12-col dslc-last-col dslc-valign- \" data-size=\"12\" data-valign=\"\" data-modules-area-id=\"\" ><style type=\"text\/css\" id=\"dslca-modules-area-\"><\/style>\r\n\t\t<div id=\"dslc-module-0f192fb2b1a\" class=\"dslc-module-front dslc-module-DSLC_Text_Simple dslc-in-viewport-check dslc-in-viewport-anim-none  dslc-col dslc-12-col dslc-last-col  dslc-module-handle-like-regular \" data-module-id=\"0f192fb2b1a\" data-module=\"DSLC_Text_Simple\" data-dslc-module-size=\"12\" data-dslc-anim=\"none\" data-dslc-anim-delay=\"\" data-dslc-anim-duration=\"650\"  data-dslc-anim-easing=\"ease\" data-dslc-preset=\"none\" >\r\n\r\n\t\t\t\r\n\t\t\t\r\n\t\t\n\t\t<div class=\"dslc-text-module-content\">\n\t\t\t<p>Cozinha Pop, 2018<\/p>\t\t<\/div>\n\n\t\t\r\n\t\t\t\t<\/div><!-- .dslc-module -->\r\n\t\t\r\n\t\t<div id=\"dslc-module-81f7d32c1ad\" class=\"dslc-module-front dslc-module-DSLC_Image dslc-in-viewport-check dslc-in-viewport-anim-none  dslc-col dslc-12-col dslc-last-col  dslc-module-handle-like-regular \" data-module-id=\"81f7d32c1ad\" data-module=\"DSLC_Image\" data-dslc-module-size=\"12\" data-dslc-anim=\"none\" data-dslc-anim-delay=\"\" data-dslc-anim-duration=\"650\"  data-dslc-anim-easing=\"ease\" data-dslc-preset=\"none\" >\r\n\r\n\t\t\t\r\n\t\t\t\r\n\t\t\t\t<div class=\"dslc-image-container\">\r\n\t\t<div class=\"dslc-image\">\r\n\r\n\t\t\t\r\n\t\t\t\t\r\n\t\t\t\t\t\t\t\t\t<a class=\"\" href=\"https:\/\/hal.arq.br\/intro\/project-view\/reforma-madalena-2018\/\" target=\"_blank\"  >\r\n\t\t\t\t\t\t\t\t\t<img src=\"https:\/\/hal.arq.br\/intro\/wp-content\/uploads\/2023\/08\/07A2163_4_5_6_7.jpg\" alt=\"\" title=\"\" srcset=\"https:\/\/hal.arq.br\/intro\/wp-content\/uploads\/2023\/08\/07A2163_4_5_6_7.jpg 2000w, https:\/\/hal.arq.br\/intro\/wp-content\/uploads\/2023\/08\/07A2163_4_5_6_7-300x209.jpg 300w, https:\/\/hal.arq.br\/intro\/wp-content\/uploads\/2023\/08\/07A2163_4_5_6_7-1024x715.jpg 1024w, https:\/\/hal.arq.br\/intro\/wp-content\/uploads\/2023\/08\/07A2163_4_5_6_7-768x536.jpg 768w, https:\/\/hal.arq.br\/intro\/wp-content\/uploads\/2023\/08\/07A2163_4_5_6_7-1536x1072.jpg 1536w, https:\/\/hal.arq.br\/intro\/wp-content\/uploads\/2023\/08\/07A2163_4_5_6_7-640x447.jpg 640w\" sizes=\"(max-width: 2000px) 100vw, 2000px\" \/>\r\n\t\t\t\t\t\t\t\t\t<\/a>\r\n\t\t\t\t\r\n\t\t\t\t\t\t\t\t\t<\/div><!-- .dslc-image -->\r\n\t\t<\/div>\r\n\t\t\r\n\t\t\t\t<\/div><!-- .dslc-module -->\r\n\t\t<\/div><\/div><\/div><\/div><\/div>","protected":false},"excerpt":{"rendered":"<p>Oruga foi criada em 2017 com o objetivo de desenvolver mobili\u00e1rio resistente e de custo acess\u00edvel. Suas pe\u00e7as s\u00e3o modulares e totalmente desmont\u00e1veis. O material predominante \u00e9 o a\u00e7o com pintura eletrost\u00e1tica. Casulo, 2017 Estante Ana Rosa, 2018 Sapateira Ana Rosa, 2018 Cozinha Pop, 2018<\/p>\n","protected":false},"author":2,"featured_media":0,"parent":0,"menu_order":0,"comment_status":"closed","ping_status":"closed","template":"","meta":{"footnotes":""},"class_list":["post-1013","page","type-page","status-publish","hentry"],"_links":{"self":[{"href":"https:\/\/hal.arq.br\/intro\/wp-json\/wp\/v2\/pages\/1013","targetHints":{"allow":["GET"]}}],"collection":[{"href":"https:\/\/hal.arq.br\/intro\/wp-json\/wp\/v2\/pages"}],"about":[{"href":"https:\/\/hal.arq.br\/intro\/wp-json\/wp\/v2\/types\/page"}],"author":[{"embeddable":true,"href":"https:\/\/hal.arq.br\/intro\/wp-json\/wp\/v2\/users\/2"}],"replies":[{"embeddable":true,"href":"https:\/\/hal.arq.br\/intro\/wp-json\/wp\/v2\/comments?post=1013"}],"version-history":[{"count":3,"href":"https:\/\/hal.arq.br\/intro\/wp-json\/wp\/v2\/pages\/1013\/revisions"}],"predecessor-version":[{"id":1026,"href":"https:\/\/hal.arq.br\/intro\/wp-json\/wp\/v2\/pages\/1013\/revisions\/1026"}],"wp:attachment":[{"href":"https:\/\/hal.arq.br\/intro\/wp-json\/wp\/v2\/media?parent=1013"}],"curies":[{"name":"wp","href":"https:\/\/api.w.org\/{rel}","templated":true}]}}